{"id":68,"date":"2020-08-25T08:34:59","date_gmt":"2020-08-25T08:34:59","guid":{"rendered":"http:\/\/dpinvest.hu\/?page_id=68"},"modified":"2021-11-07T17:02:11","modified_gmt":"2021-11-07T17:02:11","slug":"gyik","status":"publish","type":"page","link":"https:\/\/dpinvest.hu\/index.php\/gyik\/","title":{"rendered":"GYIK"},"content":{"rendered":"\t\t<div data-elementor-type=\"wp-page\" data-elementor-id=\"68\" class=\"elementor elementor-68\">\n\t\t\t\t\t\t<section class=\"elementor-section elementor-top-section elementor-element elementor-element-9e44cdf elementor-section-content-middle elementor-section-boxed elementor-section-height-default elementor-section-height-default\" data-id=\"9e44cdf\" data-element_type=\"section\" data-e-type=\"section\">\n\t\t\t\t\t\t<div class=\"elementor-container elementor-column-gap-no\">\n\t\t\t\t\t<div class=\"elementor-column elementor-col-100 elementor-top-column elementor-element elementor-element-b8dcae8\" data-id=\"b8dcae8\" data-element_type=\"column\" data-e-type=\"column\">\n\t\t\t<div class=\"elementor-widget-wrap elementor-element-populated\">\n\t\t\t\t\t\t<div class=\"elementor-element elementor-element-f3d6c7a elementor-widget elementor-widget-heading\" data-id=\"f3d6c7a\" data-element_type=\"widget\" data-e-type=\"widget\" data-widget_type=\"heading.default\">\n\t\t\t\t<div class=\"elementor-widget-container\">\n\t\t\t\t\t<h4 class=\"elementor-heading-title elementor-size-default\">Gyakran feltett k\u00e9rd\u00e9sek<\/h4>\t\t\t\t<\/div>\n\t\t\t\t<\/div>\n\t\t\t\t<div class=\"elementor-element elementor-element-157d84b elementor-widget elementor-widget-toggle\" data-id=\"157d84b\" data-element_type=\"widget\" data-e-type=\"widget\" data-widget_type=\"toggle.default\">\n\t\t\t\t<div class=\"elementor-widget-container\">\n\t\t\t\t\t\t\t<div class=\"elementor-toggle\">\n\t\t\t\t\t\t\t<div class=\"elementor-toggle-item\">\n\t\t\t\t\t<div id=\"elementor-tab-title-2251\" class=\"elementor-tab-title\" data-tab=\"1\" role=\"button\" aria-controls=\"elementor-tab-content-2251\" aria-expanded=\"false\">\n\t\t\t\t\t\t\t\t\t\t\t\t<span class=\"elementor-toggle-icon elementor-toggle-icon-left\" aria-hidden=\"true\">\n\t\t\t\t\t\t\t\t\t\t\t\t\t\t\t<span class=\"elementor-toggle-icon-closed\"><i class=\"fas fa-caret-right\"><\/i><\/span>\n\t\t\t\t\t\t\t\t<span class=\"elementor-toggle-icon-opened\"><i class=\"elementor-toggle-icon-opened fas fa-caret-up\"><\/i><\/span>\n\t\t\t\t\t\t\t\t\t\t\t\t\t<\/span>\n\t\t\t\t\t\t\t\t\t\t\t\t<a class=\"elementor-toggle-title\" tabindex=\"0\">Mi is az ingatlan\u00e9rt\u00e9kbecsl\u00e9s?<\/a>\n\t\t\t\t\t<\/div>\n\n\t\t\t\t\t<div id=\"elementor-tab-content-2251\" class=\"elementor-tab-content elementor-clearfix\" data-tab=\"1\" role=\"region\" aria-labelledby=\"elementor-tab-title-2251\"><p>R\u00f6viden, mikor egy \u00e9p\u00fclet, ingatlan m\u0171szaki adotts\u00e1gai \u00e9s piaci k\u00f6rnyezete alapj\u00e1n az \u00e9rt\u00e9k\u00e9t meghat\u00e1rozzuk.<\/p><\/div>\n\t\t\t\t<\/div>\n\t\t\t\t\t\t\t<div class=\"elementor-toggle-item\">\n\t\t\t\t\t<div id=\"elementor-tab-title-2252\" class=\"elementor-tab-title\" data-tab=\"2\" role=\"button\" aria-controls=\"elementor-tab-content-2252\" aria-expanded=\"false\">\n\t\t\t\t\t\t\t\t\t\t\t\t<span class=\"elementor-toggle-icon elementor-toggle-icon-left\" aria-hidden=\"true\">\n\t\t\t\t\t\t\t\t\t\t\t\t\t\t\t<span class=\"elementor-toggle-icon-closed\"><i class=\"fas fa-caret-right\"><\/i><\/span>\n\t\t\t\t\t\t\t\t<span class=\"elementor-toggle-icon-opened\"><i class=\"elementor-toggle-icon-opened fas fa-caret-up\"><\/i><\/span>\n\t\t\t\t\t\t\t\t\t\t\t\t\t<\/span>\n\t\t\t\t\t\t\t\t\t\t\t\t<a class=\"elementor-toggle-title\" tabindex=\"0\">Hogyan zajlik az \u00e9rt\u00e9kbecsl\u00e9s menete?<\/a>\n\t\t\t\t\t<\/div>\n\n\t\t\t\t\t<div id=\"elementor-tab-content-2252\" class=\"elementor-tab-content elementor-clearfix\" data-tab=\"2\" role=\"region\" aria-labelledby=\"elementor-tab-title-2252\"><p>El\u0151sz\u0151r megrendel\u00e9st kell leadni, majd az \u00e9rt\u00e9kbecsl\u0151 leszeml\u00e9zi, lefot\u00f3zza az \u00e9rt\u00e9kelni k\u00edv\u00e1nt ingatlant \u00e9s elk\u00e9sz\u00edti az \u00e9rt\u00e9kbecsl\u00e9st.<\/p><\/div>\n\t\t\t\t<\/div>\n\t\t\t\t\t\t\t<div class=\"elementor-toggle-item\">\n\t\t\t\t\t<div id=\"elementor-tab-title-2253\" class=\"elementor-tab-title\" data-tab=\"3\" role=\"button\" aria-controls=\"elementor-tab-content-2253\" aria-expanded=\"false\">\n\t\t\t\t\t\t\t\t\t\t\t\t<span class=\"elementor-toggle-icon elementor-toggle-icon-left\" aria-hidden=\"true\">\n\t\t\t\t\t\t\t\t\t\t\t\t\t\t\t<span class=\"elementor-toggle-icon-closed\"><i class=\"fas fa-caret-right\"><\/i><\/span>\n\t\t\t\t\t\t\t\t<span class=\"elementor-toggle-icon-opened\"><i class=\"elementor-toggle-icon-opened fas fa-caret-up\"><\/i><\/span>\n\t\t\t\t\t\t\t\t\t\t\t\t\t<\/span>\n\t\t\t\t\t\t\t\t\t\t\t\t<a class=\"elementor-toggle-title\" tabindex=\"0\">Ha j\u00f6n az \u00e9rt\u00e9kbecsl\u0151, akkor k\u00f6telez\u0151 \u00f6sszepakolni a lak\u00e1st?<\/a>\n\t\t\t\t\t<\/div>\n\n\t\t\t\t\t<div id=\"elementor-tab-content-2253\" class=\"elementor-tab-content elementor-clearfix\" data-tab=\"3\" role=\"region\" aria-labelledby=\"elementor-tab-title-2253\"><p>Az \u00e9rt\u00e9kbecsl\u0151 nem a takar\u00edt\u00e1st veszi figyelembe, hanem a m\u0171szaki \u00e1llapotot, teh\u00e1t nem sz\u00fcks\u00e9ges \u00f6sszepakolni. Ez elad\u00e1s eset\u00e9ben lehet indokolt, ha mutat\u00f3s k\u00e9pekkel szeretn\u00e9nk hirdetni.<\/p><\/div>\n\t\t\t\t<\/div>\n\t\t\t\t\t\t\t<div class=\"elementor-toggle-item\">\n\t\t\t\t\t<div id=\"elementor-tab-title-2254\" class=\"elementor-tab-title\" data-tab=\"4\" role=\"button\" aria-controls=\"elementor-tab-content-2254\" aria-expanded=\"false\">\n\t\t\t\t\t\t\t\t\t\t\t\t<span class=\"elementor-toggle-icon elementor-toggle-icon-left\" aria-hidden=\"true\">\n\t\t\t\t\t\t\t\t\t\t\t\t\t\t\t<span class=\"elementor-toggle-icon-closed\"><i class=\"fas fa-caret-right\"><\/i><\/span>\n\t\t\t\t\t\t\t\t<span class=\"elementor-toggle-icon-opened\"><i class=\"elementor-toggle-icon-opened fas fa-caret-up\"><\/i><\/span>\n\t\t\t\t\t\t\t\t\t\t\t\t\t<\/span>\n\t\t\t\t\t\t\t\t\t\t\t\t<a class=\"elementor-toggle-title\" tabindex=\"0\">Milyen dokumentumra van sz\u00fcks\u00e9ge az \u00e9rt\u00e9kel\u0151nek?<\/a>\n\t\t\t\t\t<\/div>\n\n\t\t\t\t\t<div id=\"elementor-tab-content-2254\" class=\"elementor-tab-content elementor-clearfix\" data-tab=\"4\" role=\"region\" aria-labelledby=\"elementor-tab-title-2254\"><p>Az \u00e9rt\u00e9kbecsl\u00e9shez legfontosabb a tulajdoni lap (nem musz\u00e1j friss) \u00e9s az ingatlanr\u00f3l egy alaprajz.<\/p><\/div>\n\t\t\t\t<\/div>\n\t\t\t\t\t\t\t<div class=\"elementor-toggle-item\">\n\t\t\t\t\t<div id=\"elementor-tab-title-2255\" class=\"elementor-tab-title\" data-tab=\"5\" role=\"button\" aria-controls=\"elementor-tab-content-2255\" aria-expanded=\"false\">\n\t\t\t\t\t\t\t\t\t\t\t\t<span class=\"elementor-toggle-icon elementor-toggle-icon-left\" aria-hidden=\"true\">\n\t\t\t\t\t\t\t\t\t\t\t\t\t\t\t<span class=\"elementor-toggle-icon-closed\"><i class=\"fas fa-caret-right\"><\/i><\/span>\n\t\t\t\t\t\t\t\t<span class=\"elementor-toggle-icon-opened\"><i class=\"elementor-toggle-icon-opened fas fa-caret-up\"><\/i><\/span>\n\t\t\t\t\t\t\t\t\t\t\t\t\t<\/span>\n\t\t\t\t\t\t\t\t\t\t\t\t<a class=\"elementor-toggle-title\" tabindex=\"0\">H\u00e1ny nap mire elk\u00e9sz\u00fcl egy \u00e9rt\u00e9kbecsl\u00e9s?<\/a>\n\t\t\t\t\t<\/div>\n\n\t\t\t\t\t<div id=\"elementor-tab-content-2255\" class=\"elementor-tab-content elementor-clearfix\" data-tab=\"5\" role=\"region\" aria-labelledby=\"elementor-tab-title-2255\"><p>\u00c1ltal\u00e1ban megrendel\u00e9st\u0151l sz\u00e1m\u00edtott 1-1,5 h\u00e9ten bel\u00fcl, term\u00e9szetesen leterhelts\u00e9gt\u0151l f\u00fcgg.<\/p><\/div>\n\t\t\t\t<\/div>\n\t\t\t\t\t\t\t<div class=\"elementor-toggle-item\">\n\t\t\t\t\t<div id=\"elementor-tab-title-2256\" class=\"elementor-tab-title\" data-tab=\"6\" role=\"button\" aria-controls=\"elementor-tab-content-2256\" aria-expanded=\"false\">\n\t\t\t\t\t\t\t\t\t\t\t\t<span class=\"elementor-toggle-icon elementor-toggle-icon-left\" aria-hidden=\"true\">\n\t\t\t\t\t\t\t\t\t\t\t\t\t\t\t<span class=\"elementor-toggle-icon-closed\"><i class=\"fas fa-caret-right\"><\/i><\/span>\n\t\t\t\t\t\t\t\t<span class=\"elementor-toggle-icon-opened\"><i class=\"elementor-toggle-icon-opened fas fa-caret-up\"><\/i><\/span>\n\t\t\t\t\t\t\t\t\t\t\t\t\t<\/span>\n\t\t\t\t\t\t\t\t\t\t\t\t<a class=\"elementor-toggle-title\" tabindex=\"0\">Hogyan tudok fizetni?<\/a>\n\t\t\t\t\t<\/div>\n\n\t\t\t\t\t<div id=\"elementor-tab-content-2256\" class=\"elementor-tab-content elementor-clearfix\" data-tab=\"6\" role=\"region\" aria-labelledby=\"elementor-tab-title-2256\"><p>A munka elk\u00e9sz\u00fclt\u00e9vel k\u00e9szp\u00e9nzben vagy utal\u00e1ssal.<\/p><\/div>\n\t\t\t\t<\/div>\n\t\t\t\t\t\t\t\t<\/div>\n\t\t\t\t\t\t<\/div>\n\t\t\t\t<\/div>\n\t\t\t\t\t<\/div>\n\t\t<\/div>\n\t\t\t\t\t<\/div>\n\t\t<\/section>\n\t\t\t\t<\/div>\n\t\t","protected":false},"excerpt":{"rendered":"<p>Gyakran feltett k\u00e9rd\u00e9sek Mi is az ingatlan\u00e9rt\u00e9kbecsl\u00e9s? R\u00f6viden, mikor egy \u00e9p\u00fclet, ingatlan m\u0171szaki adotts\u00e1gai \u00e9s piaci k\u00f6rnyezete alapj\u00e1n az \u00e9rt\u00e9k\u00e9t meghat\u00e1rozzuk. Hogyan zajlik az \u00e9rt\u00e9kbecsl\u00e9s menete? El\u0151sz\u0151r megrendel\u00e9st kell leadni, majd az \u00e9rt\u00e9kbecsl\u0151 leszeml\u00e9zi, lefot\u00f3zza az \u00e9rt\u00e9kelni k\u00edv\u00e1nt ingatlant \u00e9s elk\u00e9sz\u00edti az \u00e9rt\u00e9kbecsl\u00e9st. Ha j\u00f6n az \u00e9rt\u00e9kbecsl\u0151, akkor k\u00f6telez\u0151 \u00f6sszepakolni a lak\u00e1st? Az \u00e9rt\u00e9kbecsl\u0151 nem [&hellip;]<\/p>\n","protected":false},"author":1,"featured_media":0,"parent":0,"menu_order":0,"comment_status":"closed","ping_status":"closed","template":"elementor_header_footer","meta":{"ocean_post_layout":"","ocean_both_sidebars_style":"","ocean_both_sidebars_content_width":0,"ocean_both_sidebars_sidebars_width":0,"ocean_sidebar":"","ocean_second_sidebar":"","ocean_disable_margins":"enable","ocean_add_body_class":"","ocean_shortcode_before_top_bar":"","ocean_shortcode_after_top_bar":"","ocean_shortcode_before_header":"","ocean_shortcode_after_header":"","ocean_has_shortcode":"","ocean_shortcode_after_title":"","ocean_shortcode_before_footer_widgets":"","ocean_shortcode_after_footer_widgets":"","ocean_shortcode_before_footer_bottom":"","ocean_shortcode_after_footer_bottom":"","ocean_display_top_bar":"default","ocean_display_header":"default","ocean_header_style":"","ocean_center_header_left_menu":"","ocean_custom_header_template":"","ocean_custom_logo":0,"ocean_custom_retina_logo":0,"ocean_custom_logo_max_width":0,"ocean_custom_logo_tablet_max_width":0,"ocean_custom_logo_mobile_max_width":0,"ocean_custom_logo_max_height":0,"ocean_custom_logo_tablet_max_height":0,"ocean_custom_logo_mobile_max_height":0,"ocean_header_custom_menu":"","ocean_menu_typo_font_family":"","ocean_menu_typo_font_subset":"","ocean_menu_typo_font_size":0,"ocean_menu_typo_font_size_tablet":0,"ocean_menu_typo_font_size_mobile":0,"ocean_menu_typo_font_size_unit":"px","ocean_menu_typo_font_weight":"","ocean_menu_typo_font_weight_tablet":"","ocean_menu_typo_font_weight_mobile":"","ocean_menu_typo_transform":"","ocean_menu_typo_transform_tablet":"","ocean_menu_typo_transform_mobile":"","ocean_menu_typo_line_height":0,"ocean_menu_typo_line_height_tablet":0,"ocean_menu_typo_line_height_mobile":0,"ocean_menu_typo_line_height_unit":"","ocean_menu_typo_spacing":0,"ocean_menu_typo_spacing_tablet":0,"ocean_menu_typo_spacing_mobile":0,"ocean_menu_typo_spacing_unit":"","ocean_menu_link_color":"","ocean_menu_link_color_hover":"","ocean_menu_link_color_active":"","ocean_menu_link_background":"","ocean_menu_link_hover_background":"","ocean_menu_link_active_background":"","ocean_menu_social_links_bg":"","ocean_menu_social_hover_links_bg":"","ocean_menu_social_links_color":"","ocean_menu_social_hover_links_color":"","ocean_disable_title":"default","ocean_disable_heading":"default","ocean_post_title":"","ocean_post_subheading":"","ocean_post_title_style":"","ocean_post_title_background_color":"","ocean_post_title_background":0,"ocean_post_title_bg_image_position":"","ocean_post_title_bg_image_attachment":"","ocean_post_title_bg_image_repeat":"","ocean_post_title_bg_image_size":"","ocean_post_title_height":0,"ocean_post_title_bg_overlay":0.5,"ocean_post_title_bg_overlay_color":"","ocean_disable_breadcrumbs":"default","ocean_breadcrumbs_color":"","ocean_breadcrumbs_separator_color":"","ocean_breadcrumbs_links_color":"","ocean_breadcrumbs_links_hover_color":"","ocean_display_footer_widgets":"default","ocean_display_footer_bottom":"default","ocean_custom_footer_template":"","footnotes":""},"class_list":["post-68","page","type-page","status-publish","hentry","entry"],"yoast_head":"<!-- This site is optimized with the Yoast SEO plugin v27.0 - https:\/\/yoast.com\/product\/yoast-seo-wordpress\/ -->\n<title>GYIK - Dragon Property Invest<\/title>\n<meta name=\"robots\" content=\"index, follow, max-snippet:-1, max-image-preview:large, max-video-preview:-1\" \/>\n<link rel=\"canonical\" href=\"https:\/\/dpinvest.hu\/index.php\/gyik\/\" \/>\n<meta property=\"og:locale\" content=\"hu_HU\" \/>\n<meta property=\"og:type\" content=\"article\" \/>\n<meta property=\"og:title\" content=\"GYIK - Dragon Property Invest\" \/>\n<meta property=\"og:description\" content=\"Gyakran feltett k\u00e9rd\u00e9sek Mi is az ingatlan\u00e9rt\u00e9kbecsl\u00e9s? R\u00f6viden, mikor egy \u00e9p\u00fclet, ingatlan m\u0171szaki adotts\u00e1gai \u00e9s piaci k\u00f6rnyezete alapj\u00e1n az \u00e9rt\u00e9k\u00e9t meghat\u00e1rozzuk. Hogyan zajlik az \u00e9rt\u00e9kbecsl\u00e9s menete? El\u0151sz\u0151r megrendel\u00e9st kell leadni, majd az \u00e9rt\u00e9kbecsl\u0151 leszeml\u00e9zi, lefot\u00f3zza az \u00e9rt\u00e9kelni k\u00edv\u00e1nt ingatlant \u00e9s elk\u00e9sz\u00edti az \u00e9rt\u00e9kbecsl\u00e9st. Ha j\u00f6n az \u00e9rt\u00e9kbecsl\u0151, akkor k\u00f6telez\u0151 \u00f6sszepakolni a lak\u00e1st? Az \u00e9rt\u00e9kbecsl\u0151 nem [&hellip;]\" \/>\n<meta property=\"og:url\" content=\"https:\/\/dpinvest.hu\/index.php\/gyik\/\" \/>\n<meta property=\"og:site_name\" content=\"Dragon Property Invest\" \/>\n<meta property=\"article:modified_time\" content=\"2021-11-07T17:02:11+00:00\" \/>\n<meta name=\"twitter:card\" content=\"summary_large_image\" \/>\n<meta name=\"twitter:label1\" content=\"Becs\u00fclt olvas\u00e1si id\u0151\" \/>\n\t<meta name=\"twitter:data1\" content=\"1 perc\" \/>\n<script type=\"application\/ld+json\" class=\"yoast-schema-graph\">{\"@context\":\"https:\/\/schema.org\",\"@graph\":[{\"@type\":\"WebPage\",\"@id\":\"https:\/\/dpinvest.hu\/index.php\/gyik\/\",\"url\":\"https:\/\/dpinvest.hu\/index.php\/gyik\/\",\"name\":\"GYIK - Dragon Property Invest\",\"isPartOf\":{\"@id\":\"https:\/\/dpinvest.hu\/#website\"},\"datePublished\":\"2020-08-25T08:34:59+00:00\",\"dateModified\":\"2021-11-07T17:02:11+00:00\",\"breadcrumb\":{\"@id\":\"https:\/\/dpinvest.hu\/index.php\/gyik\/#breadcrumb\"},\"inLanguage\":\"hu\",\"potentialAction\":[{\"@type\":\"ReadAction\",\"target\":[\"https:\/\/dpinvest.hu\/index.php\/gyik\/\"]}]},{\"@type\":\"BreadcrumbList\",\"@id\":\"https:\/\/dpinvest.hu\/index.php\/gyik\/#breadcrumb\",\"itemListElement\":[{\"@type\":\"ListItem\",\"position\":1,\"name\":\"Kezd\u0151lap\",\"item\":\"https:\/\/dpinvest.hu\/\"},{\"@type\":\"ListItem\",\"position\":2,\"name\":\"GYIK\"}]},{\"@type\":\"WebSite\",\"@id\":\"https:\/\/dpinvest.hu\/#website\",\"url\":\"https:\/\/dpinvest.hu\/\",\"name\":\"Dragon Property Invest\",\"description\":\"\",\"publisher\":{\"@id\":\"https:\/\/dpinvest.hu\/#\/schema\/person\/95fb5ba8ffcf6084aa9e06347a9b9804\"},\"potentialAction\":[{\"@type\":\"SearchAction\",\"target\":{\"@type\":\"EntryPoint\",\"urlTemplate\":\"https:\/\/dpinvest.hu\/?s={search_term_string}\"},\"query-input\":{\"@type\":\"PropertyValueSpecification\",\"valueRequired\":true,\"valueName\":\"search_term_string\"}}],\"inLanguage\":\"hu\"},{\"@type\":[\"Person\",\"Organization\"],\"@id\":\"https:\/\/dpinvest.hu\/#\/schema\/person\/95fb5ba8ffcf6084aa9e06347a9b9804\",\"name\":\"S\u00e1rk\u00e1ny K\u00e1roly\",\"image\":{\"@type\":\"ImageObject\",\"inLanguage\":\"hu\",\"@id\":\"https:\/\/dpinvest.hu\/#\/schema\/person\/image\/\",\"url\":\"https:\/\/dpinvest.hu\/wp-content\/uploads\/2020\/10\/DragonPropertyInvest_logo_nevvel_szines_feherhatter.png\",\"contentUrl\":\"https:\/\/dpinvest.hu\/wp-content\/uploads\/2020\/10\/DragonPropertyInvest_logo_nevvel_szines_feherhatter.png\",\"width\":2000,\"height\":2000,\"caption\":\"S\u00e1rk\u00e1ny K\u00e1roly\"},\"logo\":{\"@id\":\"https:\/\/dpinvest.hu\/#\/schema\/person\/image\/\"}}]}<\/script>\n<!-- \/ Yoast SEO plugin. -->","yoast_head_json":{"title":"GYIK - Dragon Property Invest","robots":{"index":"index","follow":"follow","max-snippet":"max-snippet:-1","max-image-preview":"max-image-preview:large","max-video-preview":"max-video-preview:-1"},"canonical":"https:\/\/dpinvest.hu\/index.php\/gyik\/","og_locale":"hu_HU","og_type":"article","og_title":"GYIK - Dragon Property Invest","og_description":"Gyakran feltett k\u00e9rd\u00e9sek Mi is az ingatlan\u00e9rt\u00e9kbecsl\u00e9s? R\u00f6viden, mikor egy \u00e9p\u00fclet, ingatlan m\u0171szaki adotts\u00e1gai \u00e9s piaci k\u00f6rnyezete alapj\u00e1n az \u00e9rt\u00e9k\u00e9t meghat\u00e1rozzuk. Hogyan zajlik az \u00e9rt\u00e9kbecsl\u00e9s menete? El\u0151sz\u0151r megrendel\u00e9st kell leadni, majd az \u00e9rt\u00e9kbecsl\u0151 leszeml\u00e9zi, lefot\u00f3zza az \u00e9rt\u00e9kelni k\u00edv\u00e1nt ingatlant \u00e9s elk\u00e9sz\u00edti az \u00e9rt\u00e9kbecsl\u00e9st. Ha j\u00f6n az \u00e9rt\u00e9kbecsl\u0151, akkor k\u00f6telez\u0151 \u00f6sszepakolni a lak\u00e1st? Az \u00e9rt\u00e9kbecsl\u0151 nem [&hellip;]","og_url":"https:\/\/dpinvest.hu\/index.php\/gyik\/","og_site_name":"Dragon Property Invest","article_modified_time":"2021-11-07T17:02:11+00:00","twitter_card":"summary_large_image","twitter_misc":{"Becs\u00fclt olvas\u00e1si id\u0151":"1 perc"},"schema":{"@context":"https:\/\/schema.org","@graph":[{"@type":"WebPage","@id":"https:\/\/dpinvest.hu\/index.php\/gyik\/","url":"https:\/\/dpinvest.hu\/index.php\/gyik\/","name":"GYIK - Dragon Property Invest","isPartOf":{"@id":"https:\/\/dpinvest.hu\/#website"},"datePublished":"2020-08-25T08:34:59+00:00","dateModified":"2021-11-07T17:02:11+00:00","breadcrumb":{"@id":"https:\/\/dpinvest.hu\/index.php\/gyik\/#breadcrumb"},"inLanguage":"hu","potentialAction":[{"@type":"ReadAction","target":["https:\/\/dpinvest.hu\/index.php\/gyik\/"]}]},{"@type":"BreadcrumbList","@id":"https:\/\/dpinvest.hu\/index.php\/gyik\/#breadcrumb","itemListElement":[{"@type":"ListItem","position":1,"name":"Kezd\u0151lap","item":"https:\/\/dpinvest.hu\/"},{"@type":"ListItem","position":2,"name":"GYIK"}]},{"@type":"WebSite","@id":"https:\/\/dpinvest.hu\/#website","url":"https:\/\/dpinvest.hu\/","name":"Dragon Property Invest","description":"","publisher":{"@id":"https:\/\/dpinvest.hu\/#\/schema\/person\/95fb5ba8ffcf6084aa9e06347a9b9804"},"potentialAction":[{"@type":"SearchAction","target":{"@type":"EntryPoint","urlTemplate":"https:\/\/dpinvest.hu\/?s={search_term_string}"},"query-input":{"@type":"PropertyValueSpecification","valueRequired":true,"valueName":"search_term_string"}}],"inLanguage":"hu"},{"@type":["Person","Organization"],"@id":"https:\/\/dpinvest.hu\/#\/schema\/person\/95fb5ba8ffcf6084aa9e06347a9b9804","name":"S\u00e1rk\u00e1ny K\u00e1roly","image":{"@type":"ImageObject","inLanguage":"hu","@id":"https:\/\/dpinvest.hu\/#\/schema\/person\/image\/","url":"https:\/\/dpinvest.hu\/wp-content\/uploads\/2020\/10\/DragonPropertyInvest_logo_nevvel_szines_feherhatter.png","contentUrl":"https:\/\/dpinvest.hu\/wp-content\/uploads\/2020\/10\/DragonPropertyInvest_logo_nevvel_szines_feherhatter.png","width":2000,"height":2000,"caption":"S\u00e1rk\u00e1ny K\u00e1roly"},"logo":{"@id":"https:\/\/dpinvest.hu\/#\/schema\/person\/image\/"}}]}},"_links":{"self":[{"href":"https:\/\/dpinvest.hu\/index.php\/wp-json\/wp\/v2\/pages\/68","targetHints":{"allow":["GET"]}}],"collection":[{"href":"https:\/\/dpinvest.hu\/index.php\/wp-json\/wp\/v2\/pages"}],"about":[{"href":"https:\/\/dpinvest.hu\/index.php\/wp-json\/wp\/v2\/types\/page"}],"author":[{"embeddable":true,"href":"https:\/\/dpinvest.hu\/index.php\/wp-json\/wp\/v2\/users\/1"}],"replies":[{"embeddable":true,"href":"https:\/\/dpinvest.hu\/index.php\/wp-json\/wp\/v2\/comments?post=68"}],"version-history":[{"count":18,"href":"https:\/\/dpinvest.hu\/index.php\/wp-json\/wp\/v2\/pages\/68\/revisions"}],"predecessor-version":[{"id":309,"href":"https:\/\/dpinvest.hu\/index.php\/wp-json\/wp\/v2\/pages\/68\/revisions\/309"}],"wp:attachment":[{"href":"https:\/\/dpinvest.hu\/index.php\/wp-json\/wp\/v2\/media?parent=68"}],"curies":[{"name":"wp","href":"https:\/\/api.w.org\/{rel}","templated":true}]}}