{"id":8,"date":"2020-08-25T06:18:10","date_gmt":"2020-08-25T06:18:10","guid":{"rendered":"http:\/\/dpinvest.hu\/?page_id=8"},"modified":"2024-07-24T17:11:20","modified_gmt":"2024-07-24T17:11:20","slug":"kapcsolat","status":"publish","type":"page","link":"https:\/\/dpinvest.hu\/index.php\/kapcsolat\/","title":{"rendered":"Kapcsolat"},"content":{"rendered":"\t\t<div data-elementor-type=\"wp-page\" data-elementor-id=\"8\" class=\"elementor elementor-8\">\n\t\t\t\t\t\t<section class=\"elementor-section elementor-top-section elementor-element elementor-element-bfee805 elementor-section-full_width elementor-section-height-default elementor-section-height-default\" data-id=\"bfee805\" data-element_type=\"section\" data-e-type=\"section\">\n\t\t\t\t\t\t<div class=\"elementor-container elementor-column-gap-default\">\n\t\t\t\t\t<div class=\"elementor-column elementor-col-100 elementor-top-column elementor-element elementor-element-f0334e6\" data-id=\"f0334e6\" data-element_type=\"column\" data-e-type=\"column\">\n\t\t\t<div class=\"elementor-widget-wrap elementor-element-populated\">\n\t\t\t\t\t\t<div class=\"elementor-element elementor-element-2204691 elementor-widget-divider--separator-type-pattern elementor-widget-divider--view-line elementor-widget elementor-widget-divider\" data-id=\"2204691\" data-element_type=\"widget\" data-e-type=\"widget\" data-widget_type=\"divider.default\">\n\t\t\t\t<div class=\"elementor-widget-container\">\n\t\t\t\t\t\t\t<div class=\"elementor-divider\" style=\"--divider-pattern-url: url(&quot;data:image\/svg+xml,%3Csvg xmlns=&#039;http:\/\/www.w3.org\/2000\/svg&#039; preserveAspectRatio=&#039;none&#039; overflow=&#039;visible&#039; height=&#039;100%&#039; viewBox=&#039;0 0 20 16&#039; fill=&#039;none&#039; stroke=&#039;black&#039; stroke-width=&#039;1&#039; stroke-linecap=&#039;square&#039; stroke-miterlimit=&#039;10&#039;%3E%3Cg transform=&#039;translate(-12.000000, 0)&#039;%3E%3Cpath d=&#039;M28,0L10,18&#039;\/%3E%3Cpath d=&#039;M18,0L0,18&#039;\/%3E%3Cpath d=&#039;M48,0L30,18&#039;\/%3E%3Cpath d=&#039;M38,0L20,18&#039;\/%3E%3C\/g%3E%3C\/svg%3E&quot;);\">\n\t\t\t<span class=\"elementor-divider-separator\">\n\t\t\t\t\t\t<\/span>\n\t\t<\/div>\n\t\t\t\t\t\t<\/div>\n\t\t\t\t<\/div>\n\t\t\t\t\t<\/div>\n\t\t<\/div>\n\t\t\t\t\t<\/div>\n\t\t<\/section>\n\t\t\t\t<section class=\"elementor-section elementor-top-section elementor-element elementor-element-15843e41 elementor-section-height-min-height elementor-section-boxed elementor-section-height-default elementor-section-items-middle\" data-id=\"15843e41\" data-element_type=\"section\" data-e-type=\"section\" data-settings=\"{&quot;background_background&quot;:&quot;classic&quot;}\">\n\t\t\t\t\t\t\t<div class=\"elementor-background-overlay\"><\/div>\n\t\t\t\t\t\t\t<div class=\"elementor-container elementor-column-gap-default\">\n\t\t\t\t\t<div class=\"elementor-column elementor-col-100 elementor-top-column elementor-element elementor-element-15d4c4d2\" data-id=\"15d4c4d2\" data-element_type=\"column\" data-e-type=\"column\">\n\t\t\t<div class=\"elementor-widget-wrap elementor-element-populated\">\n\t\t\t\t\t\t<div class=\"elementor-element elementor-element-48f0a9ae elementor-widget elementor-widget-heading\" data-id=\"48f0a9ae\" data-element_type=\"widget\" data-e-type=\"widget\" data-widget_type=\"heading.default\">\n\t\t\t\t<div class=\"elementor-widget-container\">\n\t\t\t\t\t<h2 class=\"elementor-heading-title elementor-size-large\">Kapcsolat<\/h2>\t\t\t\t<\/div>\n\t\t\t\t<\/div>\n\t\t\t\t<div class=\"elementor-element elementor-element-78475c99 elementor-widget-divider--view-line elementor-widget elementor-widget-divider\" data-id=\"78475c99\" data-element_type=\"widget\" data-e-type=\"widget\" data-widget_type=\"divider.default\">\n\t\t\t\t<div class=\"elementor-widget-container\">\n\t\t\t\t\t\t\t<div class=\"elementor-divider\">\n\t\t\t<span class=\"elementor-divider-separator\">\n\t\t\t\t\t\t<\/span>\n\t\t<\/div>\n\t\t\t\t\t\t<\/div>\n\t\t\t\t<\/div>\n\t\t\t\t<div class=\"elementor-element elementor-element-798ca495 elementor-widget elementor-widget-text-editor\" data-id=\"798ca495\" data-element_type=\"widget\" data-e-type=\"widget\" data-widget_type=\"text-editor.default\">\n\t\t\t\t<div class=\"elementor-widget-container\">\n\t\t\t\t\t\t\t\t\t<p>Amennyiben megtetszett valamely szolg\u00e1ltat\u00e1som, l\u00e9pjen velem kapcsolatba, a t\u00f6bbir\u0151l azut\u00e1n tudunk d\u00f6nteni.<\/p>\t\t\t\t\t\t\t\t<\/div>\n\t\t\t\t<\/div>\n\t\t\t\t\t<\/div>\n\t\t<\/div>\n\t\t\t\t\t<\/div>\n\t\t<\/section>\n\t\t\t\t<section class=\"elementor-section elementor-top-section elementor-element elementor-element-49997aac elementor-section-boxed elementor-section-height-default elementor-section-height-default\" data-id=\"49997aac\" data-element_type=\"section\" data-e-type=\"section\">\n\t\t\t\t\t\t<div class=\"elementor-container elementor-column-gap-default\">\n\t\t\t\t\t<div class=\"elementor-column elementor-col-50 elementor-top-column elementor-element elementor-element-687b3fe3\" data-id=\"687b3fe3\" data-element_type=\"column\" data-e-type=\"column\">\n\t\t\t<div class=\"elementor-widget-wrap elementor-element-populated\">\n\t\t\t\t\t\t<div class=\"elementor-element elementor-element-16ebf572 elementor-view-default elementor-position-block-start elementor-mobile-position-block-start elementor-widget elementor-widget-icon-box\" data-id=\"16ebf572\" data-element_type=\"widget\" data-e-type=\"widget\" data-widget_type=\"icon-box.default\">\n\t\t\t\t<div class=\"elementor-widget-container\">\n\t\t\t\t\t\t\t<div class=\"elementor-icon-box-wrapper\">\n\n\t\t\t\t\t\t<div class=\"elementor-icon-box-icon\">\n\t\t\t\t<span  class=\"elementor-icon\">\n\t\t\t\t<i aria-hidden=\"true\" class=\"fas fa-phone\"><\/i>\t\t\t\t<\/span>\n\t\t\t<\/div>\n\t\t\t\n\t\t\t\t\t\t<div class=\"elementor-icon-box-content\">\n\n\t\t\t\t\t\t\t\t\t<h3 class=\"elementor-icon-box-title\">\n\t\t\t\t\t\t<span  >\n\t\t\t\t\t\t\tH\u00edvjon telefonon\t\t\t\t\t\t<\/span>\n\t\t\t\t\t<\/h3>\n\t\t\t\t\n\t\t\t\t\t\t\t\t\t<p class=\"elementor-icon-box-description\">\n\t\t\t\t\t\tA telefonos egyeztet\u00e9s g\u00f6rd\u00fcl\u00e9kenyebb\t\t\t\t\t<\/p>\n\t\t\t\t\n\t\t\t<\/div>\n\t\t\t\n\t\t<\/div>\n\t\t\t\t\t\t<\/div>\n\t\t\t\t<\/div>\n\t\t\t\t<div class=\"elementor-element elementor-element-507a36b2 elementor-widget elementor-widget-heading\" data-id=\"507a36b2\" data-element_type=\"widget\" data-e-type=\"widget\" data-widget_type=\"heading.default\">\n\t\t\t\t<div class=\"elementor-widget-container\">\n\t\t\t\t\t<p class=\"elementor-heading-title elementor-size-large\">+3630\/998 5294<\/p>\t\t\t\t<\/div>\n\t\t\t\t<\/div>\n\t\t\t\t\t<\/div>\n\t\t<\/div>\n\t\t\t\t<div class=\"elementor-column elementor-col-50 elementor-top-column elementor-element elementor-element-57eab354\" data-id=\"57eab354\" data-element_type=\"column\" data-e-type=\"column\">\n\t\t\t<div class=\"elementor-widget-wrap elementor-element-populated\">\n\t\t\t\t\t\t<div class=\"elementor-element elementor-element-3fa8eb9b elementor-view-default elementor-position-block-start elementor-mobile-position-block-start elementor-widget elementor-widget-icon-box\" data-id=\"3fa8eb9b\" data-element_type=\"widget\" data-e-type=\"widget\" data-widget_type=\"icon-box.default\">\n\t\t\t\t<div class=\"elementor-widget-container\">\n\t\t\t\t\t\t\t<div class=\"elementor-icon-box-wrapper\">\n\n\t\t\t\t\t\t<div class=\"elementor-icon-box-icon\">\n\t\t\t\t<span  class=\"elementor-icon\">\n\t\t\t\t<i aria-hidden=\"true\" class=\"far fa-envelope\"><\/i>\t\t\t\t<\/span>\n\t\t\t<\/div>\n\t\t\t\n\t\t\t\t\t\t<div class=\"elementor-icon-box-content\">\n\n\t\t\t\t\t\t\t\t\t<h3 class=\"elementor-icon-box-title\">\n\t\t\t\t\t\t<span  >\n\t\t\t\t\t\t\t\u00cdrjon e-mailt\t\t\t\t\t\t<\/span>\n\t\t\t\t\t<\/h3>\n\t\t\t\t\n\t\t\t\t\t\t\t\t\t<p class=\"elementor-icon-box-description\">\n\t\t\t\t\t\tA pap\u00edrmunka e-mailen kereszt\u00fcl k\u00f6nyebb\t\t\t\t\t<\/p>\n\t\t\t\t\n\t\t\t<\/div>\n\t\t\t\n\t\t<\/div>\n\t\t\t\t\t\t<\/div>\n\t\t\t\t<\/div>\n\t\t\t\t<div class=\"elementor-element elementor-element-3a1ed02e elementor-widget elementor-widget-heading\" data-id=\"3a1ed02e\" data-element_type=\"widget\" data-e-type=\"widget\" data-widget_type=\"heading.default\">\n\t\t\t\t<div class=\"elementor-widget-container\">\n\t\t\t\t\t<p class=\"elementor-heading-title elementor-size-large\">iroda@dpinvest.hu<\/p>\t\t\t\t<\/div>\n\t\t\t\t<\/div>\n\t\t\t\t\t<\/div>\n\t\t<\/div>\n\t\t\t\t\t<\/div>\n\t\t<\/section>\n\t\t\t\t<section class=\"elementor-section elementor-top-section elementor-element elementor-element-00adb7a elementor-section-boxed elementor-section-height-default elementor-section-height-default\" data-id=\"00adb7a\" data-element_type=\"section\" data-e-type=\"section\">\n\t\t\t\t\t\t<div class=\"elementor-container elementor-column-gap-default\">\n\t\t\t\t\t<div class=\"elementor-column elementor-col-100 elementor-top-column elementor-element elementor-element-18d385e\" data-id=\"18d385e\" data-element_type=\"column\" data-e-type=\"column\">\n\t\t\t<div class=\"elementor-widget-wrap elementor-element-populated\">\n\t\t\t\t\t\t<div class=\"elementor-element elementor-element-723b68d elementor-widget elementor-widget-image\" data-id=\"723b68d\" data-element_type=\"widget\" data-e-type=\"widget\" data-widget_type=\"image.default\">\n\t\t\t\t<div class=\"elementor-widget-container\">\n\t\t\t\t\t\t\t\t\t\t\t\t\t\t\t<img fetchpriority=\"high\" decoding=\"async\" width=\"576\" height=\"150\" src=\"https:\/\/dpinvest.hu\/wp-content\/uploads\/2024\/07\/joszaki-logo-large.png\" class=\"attachment-ocean-thumb-m size-ocean-thumb-m wp-image-392\" alt=\"\" srcset=\"https:\/\/dpinvest.hu\/wp-content\/uploads\/2024\/07\/joszaki-logo-large.png 576w, https:\/\/dpinvest.hu\/wp-content\/uploads\/2024\/07\/joszaki-logo-large-300x78.png 300w\" sizes=\"(max-width: 576px) 100vw, 576px\" \/>\t\t\t\t\t\t\t\t\t\t\t\t\t\t\t<\/div>\n\t\t\t\t<\/div>\n\t\t\t\t<div class=\"elementor-element elementor-element-c61637d elementor-align-center elementor-widget elementor-widget-button\" data-id=\"c61637d\" data-element_type=\"widget\" data-e-type=\"widget\" data-widget_type=\"button.default\">\n\t\t\t\t<div class=\"elementor-widget-container\">\n\t\t\t\t\t\t\t\t\t<div class=\"elementor-button-wrapper\">\n\t\t\t\t\t<a class=\"elementor-button elementor-button-link elementor-size-sm\" href=\"https:\/\/joszaki.hu\/szakember\/dragon-property-invest-ingatlanfotozas-ingatlan-ertekbecsles\">\n\t\t\t\t\t\t<span class=\"elementor-button-content-wrapper\">\n\t\t\t\t\t\t<span class=\"elementor-button-icon\">\n\t\t\t\t<i aria-hidden=\"true\" class=\"fas fa-external-link-alt\"><\/i>\t\t\t<\/span>\n\t\t\t\t\t\t\t\t\t<span class=\"elementor-button-text\">K\u00e9rjen aj\u00e1nlatot<\/span>\n\t\t\t\t\t<\/span>\n\t\t\t\t\t<\/a>\n\t\t\t\t<\/div>\n\t\t\t\t\t\t\t\t<\/div>\n\t\t\t\t<\/div>\n\t\t\t\t\t<\/div>\n\t\t<\/div>\n\t\t\t\t\t<\/div>\n\t\t<\/section>\n\t\t\t\t<section class=\"elementor-section elementor-top-section elementor-element elementor-element-765afe3e elementor-section-full_width elementor-section-height-default elementor-section-height-default\" data-id=\"765afe3e\" data-element_type=\"section\" data-e-type=\"section\">\n\t\t\t\t\t\t<div class=\"elementor-container elementor-column-gap-no\">\n\t\t\t\t\t<div class=\"elementor-column elementor-col-100 elementor-top-column elementor-element elementor-element-650d34f5\" data-id=\"650d34f5\" data-element_type=\"column\" data-e-type=\"column\">\n\t\t\t<div class=\"elementor-widget-wrap elementor-element-populated\">\n\t\t\t\t\t\t<div class=\"elementor-element elementor-element-5fafd70f elementor-widget elementor-widget-google_maps\" data-id=\"5fafd70f\" data-element_type=\"widget\" data-e-type=\"widget\" data-widget_type=\"google_maps.default\">\n\t\t\t\t<div class=\"elementor-widget-container\">\n\t\t\t\t\t\t\t<div class=\"elementor-custom-embed\">\n\t\t\t<iframe loading=\"lazy\"\n\t\t\t\t\tsrc=\"https:\/\/maps.google.com\/maps?q=Szeged&#038;t=m&#038;z=10&#038;output=embed&#038;iwloc=near\"\n\t\t\t\t\ttitle=\"Szeged\"\n\t\t\t\t\taria-label=\"Szeged\"\n\t\t\t><\/iframe>\n\t\t<\/div>\n\t\t\t\t\t\t<\/div>\n\t\t\t\t<\/div>\n\t\t\t\t\t<\/div>\n\t\t<\/div>\n\t\t\t\t\t<\/div>\n\t\t<\/section>\n\t\t\t\t<section class=\"elementor-section elementor-top-section elementor-element elementor-element-8bdc519 elementor-section-boxed elementor-section-height-default elementor-section-height-default\" data-id=\"8bdc519\" data-element_type=\"section\" data-e-type=\"section\" data-settings=\"{&quot;background_background&quot;:&quot;classic&quot;}\">\n\t\t\t\t\t\t<div class=\"elementor-container elementor-column-gap-default\">\n\t\t\t\t\t<div class=\"elementor-column elementor-col-100 elementor-top-column elementor-element elementor-element-40599f38\" data-id=\"40599f38\" data-element_type=\"column\" data-e-type=\"column\">\n\t\t\t<div class=\"elementor-widget-wrap elementor-element-populated\">\n\t\t\t\t\t\t<div class=\"elementor-element elementor-element-2d3ca269 e-grid-align-tablet-center e-grid-align-mobile-center elementor-shape-rounded elementor-grid-0 e-grid-align-center elementor-widget elementor-widget-social-icons\" data-id=\"2d3ca269\" data-element_type=\"widget\" data-e-type=\"widget\" data-widget_type=\"social-icons.default\">\n\t\t\t\t<div class=\"elementor-widget-container\">\n\t\t\t\t\t\t\t<div class=\"elementor-social-icons-wrapper elementor-grid\" role=\"list\">\n\t\t\t\t\t\t\t<span class=\"elementor-grid-item\" role=\"listitem\">\n\t\t\t\t\t<a class=\"elementor-icon elementor-social-icon elementor-social-icon-facebook-f elementor-repeater-item-8c4d2e7\" href=\"https:\/\/www.facebook.com\/dragonpropertyinvest\" target=\"_blank\">\n\t\t\t\t\t\t<span class=\"elementor-screen-only\">Facebook-f<\/span>\n\t\t\t\t\t\t<i aria-hidden=\"true\" class=\"fab fa-facebook-f\"><\/i>\t\t\t\t\t<\/a>\n\t\t\t\t<\/span>\n\t\t\t\t\t\t\t<span class=\"elementor-grid-item\" role=\"listitem\">\n\t\t\t\t\t<a class=\"elementor-icon elementor-social-icon elementor-social-icon-envelope elementor-repeater-item-c80778a\" href=\"http:\/\/iroda@dpinvest.hu\" target=\"_blank\">\n\t\t\t\t\t\t<span class=\"elementor-screen-only\">Envelope<\/span>\n\t\t\t\t\t\t<i aria-hidden=\"true\" class=\"fas fa-envelope\"><\/i>\t\t\t\t\t<\/a>\n\t\t\t\t<\/span>\n\t\t\t\t\t<\/div>\n\t\t\t\t\t\t<\/div>\n\t\t\t\t<\/div>\n\t\t\t\t\t<\/div>\n\t\t<\/div>\n\t\t\t\t\t<\/div>\n\t\t<\/section>\n\t\t\t\t<\/div>\n\t\t","protected":false},"excerpt":{"rendered":"<p>Kapcsolat Amennyiben megtetszett valamely szolg\u00e1ltat\u00e1som, l\u00e9pjen velem kapcsolatba, a t\u00f6bbir\u0151l azut\u00e1n tudunk d\u00f6nteni. H\u00edvjon telefonon A telefonos egyeztet\u00e9s g\u00f6rd\u00fcl\u00e9kenyebb +3630\/998 5294 \u00cdrjon e-mailt A pap\u00edrmunka e-mailen kereszt\u00fcl k\u00f6nyebb iroda@dpinvest.hu K\u00e9rjen aj\u00e1nlatot Facebook-f Envelope<\/p>\n","protected":false},"author":1,"featured_media":0,"parent":0,"menu_order":0,"comment_status":"closed","ping_status":"closed","template":"elementor_header_footer","meta":{"ocean_post_layout":"","ocean_both_sidebars_style":"","ocean_both_sidebars_content_width":0,"ocean_both_sidebars_sidebars_width":0,"ocean_sidebar":"","ocean_second_sidebar":"","ocean_disable_margins":"enable","ocean_add_body_class":"","ocean_shortcode_before_top_bar":"","ocean_shortcode_after_top_bar":"","ocean_shortcode_before_header":"","ocean_shortcode_after_header":"","ocean_has_shortcode":"","ocean_shortcode_after_title":"","ocean_shortcode_before_footer_widgets":"","ocean_shortcode_after_footer_widgets":"","ocean_shortcode_before_footer_bottom":"","ocean_shortcode_after_footer_bottom":"","ocean_display_top_bar":"default","ocean_display_header":"default","ocean_header_style":"","ocean_center_header_left_menu":"","ocean_custom_header_template":"","ocean_custom_logo":0,"ocean_custom_retina_logo":0,"ocean_custom_logo_max_width":0,"ocean_custom_logo_tablet_max_width":0,"ocean_custom_logo_mobile_max_width":0,"ocean_custom_logo_max_height":0,"ocean_custom_logo_tablet_max_height":0,"ocean_custom_logo_mobile_max_height":0,"ocean_header_custom_menu":"","ocean_menu_typo_font_family":"","ocean_menu_typo_font_subset":"","ocean_menu_typo_font_size":0,"ocean_menu_typo_font_size_tablet":0,"ocean_menu_typo_font_size_mobile":0,"ocean_menu_typo_font_size_unit":"px","ocean_menu_typo_font_weight":"","ocean_menu_typo_font_weight_tablet":"","ocean_menu_typo_font_weight_mobile":"","ocean_menu_typo_transform":"","ocean_menu_typo_transform_tablet":"","ocean_menu_typo_transform_mobile":"","ocean_menu_typo_line_height":0,"ocean_menu_typo_line_height_tablet":0,"ocean_menu_typo_line_height_mobile":0,"ocean_menu_typo_line_height_unit":"","ocean_menu_typo_spacing":0,"ocean_menu_typo_spacing_tablet":0,"ocean_menu_typo_spacing_mobile":0,"ocean_menu_typo_spacing_unit":"","ocean_menu_link_color":"","ocean_menu_link_color_hover":"","ocean_menu_link_color_active":"","ocean_menu_link_background":"","ocean_menu_link_hover_background":"","ocean_menu_link_active_background":"","ocean_menu_social_links_bg":"","ocean_menu_social_hover_links_bg":"","ocean_menu_social_links_color":"","ocean_menu_social_hover_links_color":"","ocean_disable_title":"default","ocean_disable_heading":"default","ocean_post_title":"","ocean_post_subheading":"","ocean_post_title_style":"","ocean_post_title_background_color":"","ocean_post_title_background":0,"ocean_post_title_bg_image_position":"","ocean_post_title_bg_image_attachment":"","ocean_post_title_bg_image_repeat":"","ocean_post_title_bg_image_size":"","ocean_post_title_height":0,"ocean_post_title_bg_overlay":0.5,"ocean_post_title_bg_overlay_color":"","ocean_disable_breadcrumbs":"default","ocean_breadcrumbs_color":"","ocean_breadcrumbs_separator_color":"","ocean_breadcrumbs_links_color":"","ocean_breadcrumbs_links_hover_color":"","ocean_display_footer_widgets":"default","ocean_display_footer_bottom":"default","ocean_custom_footer_template":"","footnotes":""},"class_list":["post-8","page","type-page","status-publish","hentry","entry"],"yoast_head":"<!-- This site is optimized with the Yoast SEO plugin v27.0 - https:\/\/yoast.com\/product\/yoast-seo-wordpress\/ -->\n<title>Kapcsolat - Dragon Property Invest<\/title>\n<meta name=\"robots\" content=\"index, follow, max-snippet:-1, max-image-preview:large, max-video-preview:-1\" \/>\n<link rel=\"canonical\" href=\"https:\/\/dpinvest.hu\/index.php\/kapcsolat\/\" \/>\n<meta property=\"og:locale\" content=\"hu_HU\" \/>\n<meta property=\"og:type\" content=\"article\" \/>\n<meta property=\"og:title\" content=\"Kapcsolat - Dragon Property Invest\" \/>\n<meta property=\"og:description\" content=\"Kapcsolat Amennyiben megtetszett valamely szolg\u00e1ltat\u00e1som, l\u00e9pjen velem kapcsolatba, a t\u00f6bbir\u0151l azut\u00e1n tudunk d\u00f6nteni. H\u00edvjon telefonon A telefonos egyeztet\u00e9s g\u00f6rd\u00fcl\u00e9kenyebb +3630\/998 5294 \u00cdrjon e-mailt A pap\u00edrmunka e-mailen kereszt\u00fcl k\u00f6nyebb iroda@dpinvest.hu K\u00e9rjen aj\u00e1nlatot Facebook-f Envelope\" \/>\n<meta property=\"og:url\" content=\"https:\/\/dpinvest.hu\/index.php\/kapcsolat\/\" \/>\n<meta property=\"og:site_name\" content=\"Dragon Property Invest\" \/>\n<meta property=\"article:modified_time\" content=\"2024-07-24T17:11:20+00:00\" \/>\n<meta property=\"og:image\" content=\"http:\/\/dpinvest.hu\/wp-content\/uploads\/2024\/07\/joszaki-logo-large.png\" \/>\n<meta name=\"twitter:card\" content=\"summary_large_image\" \/>\n<meta name=\"twitter:label1\" content=\"Becs\u00fclt olvas\u00e1si id\u0151\" \/>\n\t<meta name=\"twitter:data1\" content=\"1 perc\" \/>\n<script type=\"application\/ld+json\" class=\"yoast-schema-graph\">{\"@context\":\"https:\/\/schema.org\",\"@graph\":[{\"@type\":\"WebPage\",\"@id\":\"https:\/\/dpinvest.hu\/index.php\/kapcsolat\/\",\"url\":\"https:\/\/dpinvest.hu\/index.php\/kapcsolat\/\",\"name\":\"Kapcsolat - Dragon Property Invest\",\"isPartOf\":{\"@id\":\"https:\/\/dpinvest.hu\/#website\"},\"primaryImageOfPage\":{\"@id\":\"https:\/\/dpinvest.hu\/index.php\/kapcsolat\/#primaryimage\"},\"image\":{\"@id\":\"https:\/\/dpinvest.hu\/index.php\/kapcsolat\/#primaryimage\"},\"thumbnailUrl\":\"http:\/\/dpinvest.hu\/wp-content\/uploads\/2024\/07\/joszaki-logo-large.png\",\"datePublished\":\"2020-08-25T06:18:10+00:00\",\"dateModified\":\"2024-07-24T17:11:20+00:00\",\"breadcrumb\":{\"@id\":\"https:\/\/dpinvest.hu\/index.php\/kapcsolat\/#breadcrumb\"},\"inLanguage\":\"hu\",\"potentialAction\":[{\"@type\":\"ReadAction\",\"target\":[\"https:\/\/dpinvest.hu\/index.php\/kapcsolat\/\"]}]},{\"@type\":\"ImageObject\",\"inLanguage\":\"hu\",\"@id\":\"https:\/\/dpinvest.hu\/index.php\/kapcsolat\/#primaryimage\",\"url\":\"https:\/\/dpinvest.hu\/wp-content\/uploads\/2024\/07\/joszaki-logo-large.png\",\"contentUrl\":\"https:\/\/dpinvest.hu\/wp-content\/uploads\/2024\/07\/joszaki-logo-large.png\",\"width\":576,\"height\":150},{\"@type\":\"BreadcrumbList\",\"@id\":\"https:\/\/dpinvest.hu\/index.php\/kapcsolat\/#breadcrumb\",\"itemListElement\":[{\"@type\":\"ListItem\",\"position\":1,\"name\":\"Kezd\u0151lap\",\"item\":\"https:\/\/dpinvest.hu\/\"},{\"@type\":\"ListItem\",\"position\":2,\"name\":\"Kapcsolat\"}]},{\"@type\":\"WebSite\",\"@id\":\"https:\/\/dpinvest.hu\/#website\",\"url\":\"https:\/\/dpinvest.hu\/\",\"name\":\"Dragon Property Invest\",\"description\":\"\",\"publisher\":{\"@id\":\"https:\/\/dpinvest.hu\/#\/schema\/person\/95fb5ba8ffcf6084aa9e06347a9b9804\"},\"potentialAction\":[{\"@type\":\"SearchAction\",\"target\":{\"@type\":\"EntryPoint\",\"urlTemplate\":\"https:\/\/dpinvest.hu\/?s={search_term_string}\"},\"query-input\":{\"@type\":\"PropertyValueSpecification\",\"valueRequired\":true,\"valueName\":\"search_term_string\"}}],\"inLanguage\":\"hu\"},{\"@type\":[\"Person\",\"Organization\"],\"@id\":\"https:\/\/dpinvest.hu\/#\/schema\/person\/95fb5ba8ffcf6084aa9e06347a9b9804\",\"name\":\"S\u00e1rk\u00e1ny K\u00e1roly\",\"image\":{\"@type\":\"ImageObject\",\"inLanguage\":\"hu\",\"@id\":\"https:\/\/dpinvest.hu\/#\/schema\/person\/image\/\",\"url\":\"https:\/\/dpinvest.hu\/wp-content\/uploads\/2020\/10\/DragonPropertyInvest_logo_nevvel_szines_feherhatter.png\",\"contentUrl\":\"https:\/\/dpinvest.hu\/wp-content\/uploads\/2020\/10\/DragonPropertyInvest_logo_nevvel_szines_feherhatter.png\",\"width\":2000,\"height\":2000,\"caption\":\"S\u00e1rk\u00e1ny K\u00e1roly\"},\"logo\":{\"@id\":\"https:\/\/dpinvest.hu\/#\/schema\/person\/image\/\"}}]}<\/script>\n<!-- \/ Yoast SEO plugin. -->","yoast_head_json":{"title":"Kapcsolat - Dragon Property Invest","robots":{"index":"index","follow":"follow","max-snippet":"max-snippet:-1","max-image-preview":"max-image-preview:large","max-video-preview":"max-video-preview:-1"},"canonical":"https:\/\/dpinvest.hu\/index.php\/kapcsolat\/","og_locale":"hu_HU","og_type":"article","og_title":"Kapcsolat - Dragon Property Invest","og_description":"Kapcsolat Amennyiben megtetszett valamely szolg\u00e1ltat\u00e1som, l\u00e9pjen velem kapcsolatba, a t\u00f6bbir\u0151l azut\u00e1n tudunk d\u00f6nteni. H\u00edvjon telefonon A telefonos egyeztet\u00e9s g\u00f6rd\u00fcl\u00e9kenyebb +3630\/998 5294 \u00cdrjon e-mailt A pap\u00edrmunka e-mailen kereszt\u00fcl k\u00f6nyebb iroda@dpinvest.hu K\u00e9rjen aj\u00e1nlatot Facebook-f Envelope","og_url":"https:\/\/dpinvest.hu\/index.php\/kapcsolat\/","og_site_name":"Dragon Property Invest","article_modified_time":"2024-07-24T17:11:20+00:00","og_image":[{"url":"http:\/\/dpinvest.hu\/wp-content\/uploads\/2024\/07\/joszaki-logo-large.png","type":"","width":"","height":""}],"twitter_card":"summary_large_image","twitter_misc":{"Becs\u00fclt olvas\u00e1si id\u0151":"1 perc"},"schema":{"@context":"https:\/\/schema.org","@graph":[{"@type":"WebPage","@id":"https:\/\/dpinvest.hu\/index.php\/kapcsolat\/","url":"https:\/\/dpinvest.hu\/index.php\/kapcsolat\/","name":"Kapcsolat - Dragon Property Invest","isPartOf":{"@id":"https:\/\/dpinvest.hu\/#website"},"primaryImageOfPage":{"@id":"https:\/\/dpinvest.hu\/index.php\/kapcsolat\/#primaryimage"},"image":{"@id":"https:\/\/dpinvest.hu\/index.php\/kapcsolat\/#primaryimage"},"thumbnailUrl":"http:\/\/dpinvest.hu\/wp-content\/uploads\/2024\/07\/joszaki-logo-large.png","datePublished":"2020-08-25T06:18:10+00:00","dateModified":"2024-07-24T17:11:20+00:00","breadcrumb":{"@id":"https:\/\/dpinvest.hu\/index.php\/kapcsolat\/#breadcrumb"},"inLanguage":"hu","potentialAction":[{"@type":"ReadAction","target":["https:\/\/dpinvest.hu\/index.php\/kapcsolat\/"]}]},{"@type":"ImageObject","inLanguage":"hu","@id":"https:\/\/dpinvest.hu\/index.php\/kapcsolat\/#primaryimage","url":"https:\/\/dpinvest.hu\/wp-content\/uploads\/2024\/07\/joszaki-logo-large.png","contentUrl":"https:\/\/dpinvest.hu\/wp-content\/uploads\/2024\/07\/joszaki-logo-large.png","width":576,"height":150},{"@type":"BreadcrumbList","@id":"https:\/\/dpinvest.hu\/index.php\/kapcsolat\/#breadcrumb","itemListElement":[{"@type":"ListItem","position":1,"name":"Kezd\u0151lap","item":"https:\/\/dpinvest.hu\/"},{"@type":"ListItem","position":2,"name":"Kapcsolat"}]},{"@type":"WebSite","@id":"https:\/\/dpinvest.hu\/#website","url":"https:\/\/dpinvest.hu\/","name":"Dragon Property Invest","description":"","publisher":{"@id":"https:\/\/dpinvest.hu\/#\/schema\/person\/95fb5ba8ffcf6084aa9e06347a9b9804"},"potentialAction":[{"@type":"SearchAction","target":{"@type":"EntryPoint","urlTemplate":"https:\/\/dpinvest.hu\/?s={search_term_string}"},"query-input":{"@type":"PropertyValueSpecification","valueRequired":true,"valueName":"search_term_string"}}],"inLanguage":"hu"},{"@type":["Person","Organization"],"@id":"https:\/\/dpinvest.hu\/#\/schema\/person\/95fb5ba8ffcf6084aa9e06347a9b9804","name":"S\u00e1rk\u00e1ny K\u00e1roly","image":{"@type":"ImageObject","inLanguage":"hu","@id":"https:\/\/dpinvest.hu\/#\/schema\/person\/image\/","url":"https:\/\/dpinvest.hu\/wp-content\/uploads\/2020\/10\/DragonPropertyInvest_logo_nevvel_szines_feherhatter.png","contentUrl":"https:\/\/dpinvest.hu\/wp-content\/uploads\/2020\/10\/DragonPropertyInvest_logo_nevvel_szines_feherhatter.png","width":2000,"height":2000,"caption":"S\u00e1rk\u00e1ny K\u00e1roly"},"logo":{"@id":"https:\/\/dpinvest.hu\/#\/schema\/person\/image\/"}}]}},"_links":{"self":[{"href":"https:\/\/dpinvest.hu\/index.php\/wp-json\/wp\/v2\/pages\/8","targetHints":{"allow":["GET"]}}],"collection":[{"href":"https:\/\/dpinvest.hu\/index.php\/wp-json\/wp\/v2\/pages"}],"about":[{"href":"https:\/\/dpinvest.hu\/index.php\/wp-json\/wp\/v2\/types\/page"}],"author":[{"embeddable":true,"href":"https:\/\/dpinvest.hu\/index.php\/wp-json\/wp\/v2\/users\/1"}],"replies":[{"embeddable":true,"href":"https:\/\/dpinvest.hu\/index.php\/wp-json\/wp\/v2\/comments?post=8"}],"version-history":[{"count":14,"href":"https:\/\/dpinvest.hu\/index.php\/wp-json\/wp\/v2\/pages\/8\/revisions"}],"predecessor-version":[{"id":419,"href":"https:\/\/dpinvest.hu\/index.php\/wp-json\/wp\/v2\/pages\/8\/revisions\/419"}],"wp:attachment":[{"href":"https:\/\/dpinvest.hu\/index.php\/wp-json\/wp\/v2\/media?parent=8"}],"curies":[{"name":"wp","href":"https:\/\/api.w.org\/{rel}","templated":true}]}}